{"id":48,"date":"2019-05-13T23:33:27","date_gmt":"2019-05-13T21:33:27","guid":{"rendered":"http:\/\/site-pyrome.fr\/?page_id=48"},"modified":"2020-01-04T05:31:23","modified_gmt":"2020-01-04T04:31:23","slug":"les-rochers","status":"publish","type":"page","link":"https:\/\/site-pyrome.fr\/?page_id=48","title":{"rendered":"Les rochers"},"content":{"rendered":"\n<div class=\"wp-block-image\"><figure class=\"aligncenter\"><img decoding=\"async\" loading=\"lazy\" width=\"650\" height=\"421\" src=\"http:\/\/site-pyrome.fr\/wp-content\/uploads\/2019\/06\/rochers-0.jpg\" alt=\"\" class=\"wp-image-100\" srcset=\"https:\/\/site-pyrome.fr\/wp-content\/uploads\/2019\/06\/rochers-0.jpg 650w, https:\/\/site-pyrome.fr\/wp-content\/uploads\/2019\/06\/rochers-0-300x194.jpg 300w, https:\/\/site-pyrome.fr\/wp-content\/uploads\/2019\/06\/rochers-0-417x270.jpg 417w\" sizes=\"(max-width: 650px) 100vw, 650px\" \/><figcaption>Pyrome au d\u00e9but du XX<sup>e<\/sup> siecle<\/figcaption><\/figure><\/div>\n\n\n\n<p>\u00ab\u00a0<em>Les superbes rochers de quartz blanc de Pyraume s&rsquo;entassent au sommet d&rsquo;un coteau assez \u00e9lev\u00e9, dominant le bourg de Moulins (Deux-S\u00e8vres.) Le massif principal se trouve cependant sur le territoire de la Chapelle-Largeau, pr\u00e8s d&rsquo;un moulin \u00e0 vent, au milieu d\u2019une lande argileuse couverte de bruy\u00e8res, de gen\u00eats, d&rsquo;ajoncs et de buissons de houx.<br> Du haut des rochers, la vue s&rsquo;\u00e9tend sur les bois et le ch\u00e2teau de la Blandini\u00e8re, sur Ch\u00e2tillon-sur-S\u00e8vre et les localit\u00e9s avoisinantes.<br> Les cailloux de Pyraume, d\u2019une structure cristalline et d&rsquo;un blanc laiteux, sont tr\u00e8s estim\u00e9s pour l\u2019empierrement des routes. Aussi, sont-ils l\u2019objet des convoitises du service vicinal.<br> Nous esp\u00e9rons que cette profanation sera arr\u00eat\u00e9e ou, emp\u00each\u00e9e par la Commission institu\u00e9e r\u00e9cemment en vue de la pr\u00e9servation des sites et monuments naturels.<\/em><br> <em>Dans les l\u00e9gendes populaires, les rochers ou \u00ab chirons \u00bb de Pyraume servent de refuge \u00e0 toute la gent diabolique de la contr\u00e9e loups-garous, lutins, farfadets\u00a0\u00bb.<\/em><br> C\u2019est ainsi qu&rsquo;en 1907, M. Narcisse Gabillaud, instituteur \u00e0 Moulins, et aussi historien, d\u00e9crit ce site naturel et mythologique.<span class=\"prs-source\">(M\u00e9moires-Soci\u00e9t\u00e9 historique et scientifique des Deux-S\u00e8vres &#8211; <a href=\"http:\/\/gallica.bnf.fr\/ark:\/12148\/bpt6k208705n\/f289\" target=\"_blank\" rel=\"noopener noreferrer\">Gallica<\/a>)<\/span><\/p>\n\n\n\n<p>Ces rochers sont selon la l\u00e9gende, tomb\u00e9s de la dorne<span class=\"prs-notes-indice\">(1)<\/span> de la f\u00e9e M\u00e9lusine qui allait b\u00e2tir le ch\u00e2teau de Pouzauges. Pour les g\u00e9ologues les rochers de Pyr\u00f4me appartiennent \u00e0 la ZBSA<span class=\" prs-notes-indice\">(2)<\/span> C&rsquo;est un \u00e9norme filon de quartz de couleur rose clair, avec des blocs calc\u00e9donieux et parfois des g\u00e9odes teint\u00e9es d&rsquo;oxyde de fer. La puissance de ce filon est de plusieurs dizaines de m\u00e8tres.<\/p>\n\n\n\n<div class=\"wp-block-image\"><figure class=\"aligncenter is-resized\"><img decoding=\"async\" loading=\"lazy\" src=\"http:\/\/site-pyrome.fr\/wp-content\/uploads\/2019\/06\/rochers-1.jpg\" alt=\"Les rochers\" class=\"wp-image-96\" width=\"582\" height=\"230\" srcset=\"https:\/\/site-pyrome.fr\/wp-content\/uploads\/2019\/06\/rochers-1.jpg 650w, https:\/\/site-pyrome.fr\/wp-content\/uploads\/2019\/06\/rochers-1-300x119.jpg 300w, https:\/\/site-pyrome.fr\/wp-content\/uploads\/2019\/06\/rochers-1-604x239.jpg 604w\" sizes=\"(max-width: 582px) 100vw, 582px\" \/><figcaption>Les rochers aujourd&rsquo;hui<\/figcaption><\/figure><\/div>\n\n\n\n<h2><strong>Les carri\u00e8res<\/strong><\/h2>\n\n\n\n<p>La carri\u00e8re de Pyr\u00f4me \u00e9tait d\u00e9j\u00e0 exploit\u00e9e par les romains pour la construction des soubassements de leurs temples. En 1704, \u00ab l&rsquo;exploit du Chiron Pyr\u00f4me \u00bb est consid\u00e9r\u00e9 comme une source de revenus. Les redevances seigneuriales doivent \u00eatre acquitt\u00e9es sur la dorne<sup>(1)<\/sup> du puits de la Grande Pommeraie. Ouvrage Au d\u00e9but du XIX<sup>eme<\/sup> si\u00e8cle, pour les municipalit\u00e9s, l\u2019entretien des chemins vicinaux, qui sont de vrais bourbiers est le travail le plus urgent. Cette t\u00e2che est ex\u00e9cut\u00e9e par les habitants de la commune qui de cette fa\u00e7on paient leur imp\u00f4t en nature.<\/p>\n\n\n\n<p>Chacun doit fournir\nune journ\u00e9e de travail tant pour lui que \u00ab pour chacun de ses fils vivant avec\nlui, de ses domestiques m\u00e2les, de chaque b\u00eate de trait ou d&rsquo;acotage et de\nchaque charrette en sa possession. \u00bb Les hommes sont employ\u00e9s soit \u00e0 la\ncarri\u00e8re de Pyr\u00f4me pour l\u2019extraction de blocs de rochers pour faire des\ncailloux, soit au transport pour ceux qui poss\u00e8dent une charrette et des\nanimaux de trait.<\/p>\n\n\n\n<p>Selon M. Augustin H\u00e9rault, les charrettes montaient jusqu&rsquo;\u00e0\nPuyr\u00f4me par le chemin creux qui descend sur la Tonnelle. Pour le retour, on\nattelait deux b\u0153ufs derri\u00e8re la charrette, deux b\u0153ufs que le conducteur\nmaintenait avec son aiguillon devant le nez pour que ceux qui \u00e9taient attel\u00e9s\nne soient pas emport\u00e9s contre leur gr\u00e9 par la forte pente emballant la\ncharrette d\u00e9munie du frein qu&rsquo;on appelait m\u00e9canique et que, dans cette descente, il aurait fallu serrer au\nmaximum avec cette lourde charge.<\/p>\n\n\n\n<p>Le quartz de Pyr\u00f4me tr\u00e8s estim\u00e9 par les services de la\nvoirie, pour l\u2019empierrement des routes et des chemins de toute la r\u00e9gion,\npermit d\u2019assainir les chemins de grandes communications \u00e0 une \u00e9poque o\u00f9 on ne\nse d\u00e9pla\u00e7ait qu\u2019\u00e0 pied ou en charrette. Plus tard ce mode de rev\u00eatement fit de\nnombreux m\u00e9content.<\/p>\n\n\n\n<p>Qui ne se\nsouvient pas d\u2019avoir entendu nos anciens pester contre ces petits cailloux\nblancs qui per\u00e7aient les pneus des bicyclettes et voitures ! ! !<\/p>\n\n\n\n<p class=\"prs-notes\">(1)Tablier<br>(2)La faille de\nMaul\u00e9on, connue par de nombreux g\u00e9ologues, (aussi appel\u00e9e \u00ab faille de Vasles \u00bb\n) fait partie de ZBSA (Zone broy\u00e9e sub-Armoricaine). -Axe Maul\u00e9on-Lanvaux- La\nZBSA est caract\u00e9ris\u00e9e par de grands cisaillements dextres datant des phases\nbretonnes et varisques, soit 350 millions d\u2019ann\u00e9es, et s&rsquo;\u00e9tend de la Bretagne\nau Massif Central. M. Christian Lavaud (Cf. Les carnets du BRHAM n\u00b0 10)<\/p>\n\n\n\n<h2>Le site naturel de Pyr\u00f4me<\/h2>\n\n\n\n<p>Au d\u00e9but du XXe si\u00e8cle, l&rsquo;exploitation de la carri\u00e8re devient de plus en plus intensives, et les rochers de quartz sont menac\u00e9s de disparition. Mr. Narcisse Gabillaud, instituteur de Moulins, demande la cr\u00e9ation d&rsquo;une commission et le classement du site afin d&#8217;emp\u00eacher sa destruction.<\/p>\n\n\n\n<p>Le 8 juin 1909, par arr\u00eat\u00e9 minist\u00e9riel, les rochers de Pyrome, soit 2325m\u00b2, sont class\u00e9s parmi les \u00ab\u00a0Sites et monuments Naturels des Deux-S\u00e8vres\u00a0\u00bb.<\/p>\n\n\n\n<div style=\"font-size:0.8em; background:#dadada;border:1px solid #bbb\"><p style=\"text-align:center\">Le Ministre de l\u2019Instruction publique et des Beaux-Arts.<br><\/p><p style=\"text-indent:20px\">Vu la loi du 21 avril 1906 organisant la protection des sites et monuments naturels de caract\u00e8re artistique;<\/p><p style=\"text-indent:20px\">Vu l\u2019avis \u00e9mis par la Commission d\u00e9partementale des sites et monuments naturels dans sa s\u00e9ance du 10 mai 1907<\/p><p style=\"text-indent:20px\">Vu l\u2019engagement en date du 7 ao\u00fbt 1907 prie par M. Charles Emmanuel Cesbron-Lavaud, propri\u00e9taire ; Sur la proposition du Sous-Secr\u00e9taire d\u2019Etat des Beaux-Arts,<p style=\"text-align:center\">ARRET\u00c9<\/p><p style=\"text-indent:20px\">Article 1<\/p><p style=\"text-indent:20px\">Les Rochers de Pyr\u00f4me, dans la commune de La Chapelle-Largeau (Deux-S\u00e8vres) sont class\u00e9s parmi sites et monuments naturels de caract\u00e8re artistique<\/p><p style=\"text-indent:20px\"> Article 2<br>Le pr\u00e9sent arr\u00eat\u00e9 sera notifi\u00e9 au Pr\u00e9fet du d\u00e9partement des Deux-S\u00e8vres et \u00e0 M. Cesbron-Lavaud, propri\u00e9taire, qui seront responsables, chacun en ce qui le concerne, de son ex\u00e9cution.<\/p> <p style=\"text-align:right\">PARIS, le 8 juin 1909<\/p> <p style=\"text-align:right\">Gaston DOUMERGUE <\/p><\/div>\n","protected":false},"excerpt":{"rendered":"<p>\u00ab\u00a0Les superbes rochers de quartz blanc de Pyraume s&rsquo;entassent au sommet d&rsquo;un coteau assez \u00e9lev\u00e9, dominant le bourg de Moulins (Deux-S\u00e8vres.) Le massif principal se trouve cependant sur le territoire de la Chapelle-Largeau, pr\u00e8s d&rsquo;un moulin \u00e0 vent, au milieu d\u2019une lande argileuse couverte de bruy\u00e8res, de gen\u00eats, d&rsquo;ajoncs et de buissons de houx. Du haut des rochers, la vue s&rsquo;\u00e9tend sur les bois et le ch\u00e2teau de la Blandini\u00e8re, sur Ch\u00e2tillon-sur-S\u00e8vre et les localit\u00e9s avoisinantes. Les cailloux de Pyraume,&#8230;<\/p>\n<p class=\"read-more\"><a class=\"btn btn-default\" href=\"https:\/\/site-pyrome.fr\/?page_id=48\">Lire la suite<span class=\"screen-reader-text\"> Lire la suite<\/span><\/a><\/p>\n","protected":false},"author":1,"featured_media":0,"parent":0,"menu_order":0,"comment_status":"closed","ping_status":"closed","template":"","meta":{"ngg_post_thumbnail":0},"_links":{"self":[{"href":"https:\/\/site-pyrome.fr\/index.php?rest_route=\/wp\/v2\/pages\/48"}],"collection":[{"href":"https:\/\/site-pyrome.fr\/index.php?rest_route=\/wp\/v2\/pages"}],"about":[{"href":"https:\/\/site-pyrome.fr\/index.php?rest_route=\/wp\/v2\/types\/page"}],"author":[{"embeddable":true,"href":"https:\/\/site-pyrome.fr\/index.php?rest_route=\/wp\/v2\/users\/1"}],"replies":[{"embeddable":true,"href":"https:\/\/site-pyrome.fr\/index.php?rest_route=%2Fwp%2Fv2%2Fcomments&post=48"}],"version-history":[{"count":22,"href":"https:\/\/site-pyrome.fr\/index.php?rest_route=\/wp\/v2\/pages\/48\/revisions"}],"predecessor-version":[{"id":229,"href":"https:\/\/site-pyrome.fr\/index.php?rest_route=\/wp\/v2\/pages\/48\/revisions\/229"}],"wp:attachment":[{"href":"https:\/\/site-pyrome.fr\/index.php?rest_route=%2Fwp%2Fv2%2Fmedia&parent=48"}],"curies":[{"name":"wp","href":"https:\/\/api.w.org\/{rel}","templated":true}]}}